{"id":180,"date":"2021-06-29T00:33:52","date_gmt":"2021-06-29T03:33:52","guid":{"rendered":"http:\/\/cide.edu.uy\/cide\/?page_id=180"},"modified":"2021-06-29T12:26:14","modified_gmt":"2021-06-29T15:26:14","slug":"mision-y-vision","status":"publish","type":"page","link":"https:\/\/cide.edu.uy\/cide\/?page_id=180","title":{"rendered":"Misi\u00f3n y visi\u00f3n"},"content":{"rendered":"\n<div class=\"wp-block-columns is-layout-flex wp-container-core-columns-is-layout-9d6595d7 wp-block-columns-is-layout-flex\">\n<div class=\"wp-block-column is-layout-flow wp-block-column-is-layout-flow\">\n<figure class=\"wp-block-image size-large is-style-rounded-shadow-down-right-ligth-cide\"><img loading=\"lazy\" decoding=\"async\" width=\"1024\" height=\"768\" src=\"https:\/\/cide.edu.uy\/cide\/wp-content\/uploads\/2021\/06\/mision_imagen-girasol-1024x768.jpg\" alt=\"\" class=\"wp-image-19\" srcset=\"https:\/\/cide.edu.uy\/cide\/wp-content\/uploads\/2021\/06\/mision_imagen-girasol-1024x768.jpg 1024w, https:\/\/cide.edu.uy\/cide\/wp-content\/uploads\/2021\/06\/mision_imagen-girasol-300x225.jpg 300w, https:\/\/cide.edu.uy\/cide\/wp-content\/uploads\/2021\/06\/mision_imagen-girasol-768x576.jpg 768w, https:\/\/cide.edu.uy\/cide\/wp-content\/uploads\/2021\/06\/mision_imagen-girasol-1536x1152.jpg 1536w, https:\/\/cide.edu.uy\/cide\/wp-content\/uploads\/2021\/06\/mision_imagen-girasol-2048x1536.jpg 2048w, https:\/\/cide.edu.uy\/cide\/wp-content\/uploads\/2021\/06\/mision_imagen-girasol-1568x1176.jpg 1568w\" sizes=\"auto, (max-width: 1024px) 100vw, 1024px\" \/><\/figure>\n<\/div>\n\n\n\n<div class=\"wp-block-column is-layout-flow wp-block-column-is-layout-flow\">\n<p class=\"titulo azul calibril has-medium-font-size\"><strong>Misi\u00f3n<\/strong><\/p>\n\n\n\n<p>El Centro de Investigaci\u00f3n en Did\u00e1cticas Espec\u00edficas promueve la formaci\u00f3n y la investigaci\u00f3n en las did\u00e1cticas espec\u00edficas y en los enfoques interdisciplinares de la ense\u00f1anza, con el objetivo de aportar al desarrollo del pensamiento cr\u00edtico y de la toma de decisiones bien informadas en contexto educativo.<\/p>\n<\/div>\n<\/div>\n\n\n\n<div style=\"height:100px\" aria-hidden=\"true\" class=\"wp-block-spacer\"><\/div>\n\n\n\n<div class=\"wp-block-columns is-layout-flex wp-container-core-columns-is-layout-9d6595d7 wp-block-columns-is-layout-flex\">\n<div class=\"wp-block-column is-layout-flow wp-block-column-is-layout-flow\">\n<p class=\"titulo azul calibril has-medium-font-size\"><strong>Visi\u00f3n<\/strong><\/p>\n\n\n\n<p>El Centro de Investigaci\u00f3n en Did\u00e1cticas Espec\u00edficas entiende que el desarrollo profesional docente basado en la investigaci\u00f3n en los campos de las did\u00e1cticas espec\u00edficas es un elemento esencial para la mejora de la ense\u00f1anza y del aprendizaje de las disciplinas. Este centro se compromete con la consolidaci\u00f3n de una comunidad de profesionales de la educaci\u00f3n, interesados en la articulaci\u00f3n de la investigaci\u00f3n con la pr\u00e1ctica educativa.<\/p>\n<\/div>\n\n\n\n<div class=\"wp-block-column is-layout-flow wp-block-column-is-layout-flow\">\n<figure class=\"wp-block-image size-large is-style-rounded-shadow-down-right-ligth-cide\"><img loading=\"lazy\" decoding=\"async\" width=\"1024\" height=\"683\" src=\"https:\/\/cide.edu.uy\/cide\/wp-content\/uploads\/2021\/06\/vision_imagen-palmeras-1024x683.jpg\" alt=\"Vision\" class=\"wp-image-20\" srcset=\"https:\/\/cide.edu.uy\/cide\/wp-content\/uploads\/2021\/06\/vision_imagen-palmeras-1024x683.jpg 1024w, https:\/\/cide.edu.uy\/cide\/wp-content\/uploads\/2021\/06\/vision_imagen-palmeras-300x200.jpg 300w, https:\/\/cide.edu.uy\/cide\/wp-content\/uploads\/2021\/06\/vision_imagen-palmeras-768x512.jpg 768w, https:\/\/cide.edu.uy\/cide\/wp-content\/uploads\/2021\/06\/vision_imagen-palmeras-1536x1024.jpg 1536w, https:\/\/cide.edu.uy\/cide\/wp-content\/uploads\/2021\/06\/vision_imagen-palmeras-2048x1365.jpg 2048w, https:\/\/cide.edu.uy\/cide\/wp-content\/uploads\/2021\/06\/vision_imagen-palmeras-1568x1045.jpg 1568w\" sizes=\"auto, (max-width: 1024px) 100vw, 1024px\" \/><\/figure>\n<\/div>\n<\/div>\n","protected":false},"excerpt":{"rendered":"<p>Misi\u00f3n El Centro de Investigaci\u00f3n en Did\u00e1cticas Espec\u00edficas promueve la formaci\u00f3n y la investigaci\u00f3n en las did\u00e1cticas espec\u00edficas y en los enfoques interdisciplinares de la ense\u00f1anza, con el objetivo de aportar al desarrollo del pensamiento cr\u00edtico y de la toma de decisiones bien informadas en contexto educativo. Visi\u00f3n El Centro de Investigaci\u00f3n en Did\u00e1cticas Espec\u00edficas entiende que el desarrollo profesional docente basado en la investigaci\u00f3n en los campos de las did\u00e1cticas espec\u00edficas es un elemento esencial para la mejora de la ense\u00f1anza y del aprendizaje de las disciplinas. Este centro se compromete con la consolidaci\u00f3n de una comunidad de profesionales de la educaci\u00f3n, interesados en la articulaci\u00f3n de la investigaci\u00f3n con la pr\u00e1ctica educativa.<\/p>\n","protected":false},"author":1,"featured_media":13,"parent":0,"menu_order":0,"comment_status":"closed","ping_status":"closed","template":"","meta":{"footnotes":""},"class_list":["post-180","page","type-page","status-publish","has-post-thumbnail"],"_links":{"self":[{"href":"https:\/\/cide.edu.uy\/cide\/index.php?rest_route=\/wp\/v2\/pages\/180","targetHints":{"allow":["GET"]}}],"collection":[{"href":"https:\/\/cide.edu.uy\/cide\/index.php?rest_route=\/wp\/v2\/pages"}],"about":[{"href":"https:\/\/cide.edu.uy\/cide\/index.php?rest_route=\/wp\/v2\/types\/page"}],"author":[{"embeddable":true,"href":"https:\/\/cide.edu.uy\/cide\/index.php?rest_route=\/wp\/v2\/users\/1"}],"replies":[{"embeddable":true,"href":"https:\/\/cide.edu.uy\/cide\/index.php?rest_route=%2Fwp%2Fv2%2Fcomments&post=180"}],"version-history":[{"count":8,"href":"https:\/\/cide.edu.uy\/cide\/index.php?rest_route=\/wp\/v2\/pages\/180\/revisions"}],"predecessor-version":[{"id":249,"href":"https:\/\/cide.edu.uy\/cide\/index.php?rest_route=\/wp\/v2\/pages\/180\/revisions\/249"}],"wp:featuredmedia":[{"embeddable":true,"href":"https:\/\/cide.edu.uy\/cide\/index.php?rest_route=\/wp\/v2\/media\/13"}],"wp:attachment":[{"href":"https:\/\/cide.edu.uy\/cide\/index.php?rest_route=%2Fwp%2Fv2%2Fmedia&parent=180"}],"curies":[{"name":"wp","href":"https:\/\/api.w.org\/{rel}","templated":true}]}}