{"id":190,"date":"2021-06-29T00:40:17","date_gmt":"2021-06-29T03:40:17","guid":{"rendered":"http:\/\/cide.edu.uy\/cide\/?page_id=190"},"modified":"2021-06-29T12:26:55","modified_gmt":"2021-06-29T15:26:55","slug":"que-hacemos","status":"publish","type":"page","link":"https:\/\/cide.edu.uy\/cide\/?page_id=190","title":{"rendered":"\u00bfQu\u00e9 hacemos?"},"content":{"rendered":"\n<div class=\"wp-block-columns is-layout-flex wp-container-core-columns-is-layout-9d6595d7 wp-block-columns-is-layout-flex\">\n<div class=\"wp-block-column is-layout-flow wp-block-column-is-layout-flow\" style=\"flex-basis:33.33%\">\n<figure class=\"wp-block-image size-large is-style-rounded-shadow-down-right-ligth-cide\"><img loading=\"lazy\" decoding=\"async\" width=\"1024\" height=\"684\" src=\"https:\/\/cide.edu.uy\/cide\/wp-content\/uploads\/2021\/06\/investigacion-1024x684.jpg\" alt=\"\" class=\"wp-image-179\" srcset=\"https:\/\/cide.edu.uy\/cide\/wp-content\/uploads\/2021\/06\/investigacion-1024x684.jpg 1024w, https:\/\/cide.edu.uy\/cide\/wp-content\/uploads\/2021\/06\/investigacion-300x200.jpg 300w, https:\/\/cide.edu.uy\/cide\/wp-content\/uploads\/2021\/06\/investigacion-768x513.jpg 768w, https:\/\/cide.edu.uy\/cide\/wp-content\/uploads\/2021\/06\/investigacion-1536x1025.jpg 1536w, https:\/\/cide.edu.uy\/cide\/wp-content\/uploads\/2021\/06\/investigacion-2048x1367.jpg 2048w\" sizes=\"auto, (max-width: 1024px) 100vw, 1024px\" \/><\/figure>\n<\/div>\n\n\n\n<div class=\"wp-block-column is-layout-flow wp-block-column-is-layout-flow\" style=\"flex-basis:66.66%\">\n<p class=\"titulo calibril azul\"><strong>Investigaci\u00f3n<\/strong><\/p>\n\n\n\n<p>Desarrollo de proyectos de investigaci\u00f3n en did\u00e1cticas espec\u00edficas y en estudios interdisciplinares, grupos de investigaci\u00f3n, semillero de ideas, orientaci\u00f3n en la elaboraci\u00f3n de proyectos y seguimiento.<\/p>\n<\/div>\n<\/div>\n\n\n\n<div class=\"wp-block-columns is-layout-flex wp-container-core-columns-is-layout-9d6595d7 wp-block-columns-is-layout-flex\">\n<div class=\"wp-block-column is-layout-flow wp-block-column-is-layout-flow\" style=\"flex-basis:66.66%\">\n<p class=\"titulo calibril azul\"><strong>Desarrollo profesional<\/strong><\/p>\n\n\n\n<p>Formaci\u00f3n permanente en did\u00e1cticas espec\u00edficas y enfoques interdisciplinares.<\/p>\n<\/div>\n\n\n\n<div class=\"wp-block-column is-layout-flow wp-block-column-is-layout-flow\" style=\"flex-basis:33.33%\">\n<figure class=\"wp-block-image size-large is-style-rounded-shadow-down-right-ligth-cide\"><img loading=\"lazy\" decoding=\"async\" width=\"1024\" height=\"617\" src=\"https:\/\/cide.edu.uy\/cide\/wp-content\/uploads\/2021\/06\/Desarrollo-profesional-1024x617.jpg\" alt=\"\" class=\"wp-image-177\" srcset=\"https:\/\/cide.edu.uy\/cide\/wp-content\/uploads\/2021\/06\/Desarrollo-profesional-1024x617.jpg 1024w, https:\/\/cide.edu.uy\/cide\/wp-content\/uploads\/2021\/06\/Desarrollo-profesional-300x181.jpg 300w, https:\/\/cide.edu.uy\/cide\/wp-content\/uploads\/2021\/06\/Desarrollo-profesional-768x462.jpg 768w, https:\/\/cide.edu.uy\/cide\/wp-content\/uploads\/2021\/06\/Desarrollo-profesional-1536x925.jpg 1536w, https:\/\/cide.edu.uy\/cide\/wp-content\/uploads\/2021\/06\/Desarrollo-profesional.jpg 1920w\" sizes=\"auto, (max-width: 1024px) 100vw, 1024px\" \/><\/figure>\n<\/div>\n<\/div>\n\n\n\n<div class=\"wp-block-columns is-layout-flex wp-container-core-columns-is-layout-9d6595d7 wp-block-columns-is-layout-flex\">\n<div class=\"wp-block-column is-layout-flow wp-block-column-is-layout-flow\">\n<figure class=\"wp-block-image size-large is-style-rounded-shadow-down-right-ligth-cide\"><img loading=\"lazy\" decoding=\"async\" width=\"1024\" height=\"683\" src=\"https:\/\/cide.edu.uy\/cide\/wp-content\/uploads\/2021\/06\/asesoramiento-1024x683.jpg\" alt=\"\" class=\"wp-image-175\" srcset=\"https:\/\/cide.edu.uy\/cide\/wp-content\/uploads\/2021\/06\/asesoramiento-1024x683.jpg 1024w, https:\/\/cide.edu.uy\/cide\/wp-content\/uploads\/2021\/06\/asesoramiento-300x200.jpg 300w, https:\/\/cide.edu.uy\/cide\/wp-content\/uploads\/2021\/06\/asesoramiento-768x513.jpg 768w, https:\/\/cide.edu.uy\/cide\/wp-content\/uploads\/2021\/06\/asesoramiento-1536x1025.jpg 1536w, https:\/\/cide.edu.uy\/cide\/wp-content\/uploads\/2021\/06\/asesoramiento-2048x1367.jpg 2048w\" sizes=\"auto, (max-width: 1024px) 100vw, 1024px\" \/><\/figure>\n<\/div>\n\n\n\n<div class=\"wp-block-column is-layout-flow wp-block-column-is-layout-flow\">\n<p class=\"has-text-align-left titulo calibril azul has-normal-font-size\"><strong>Asesoramiento educativo<\/strong><\/p>\n\n\n\n<p class=\"has-text-align-left has-normal-font-size\">Asesoramiento a instituciones educativas en gesti\u00f3n, enfoques de la ense\u00f1anza, ense\u00f1anza basada en proyectos, dificultades de aprendizaje, evaluaci\u00f3n y mejora de los procesos educativos, inclusi\u00f3n de tecnolog\u00edas digitales, evaluaci\u00f3n docente.<\/p>\n<\/div>\n<\/div>\n\n\n\n<div class=\"wp-block-columns is-layout-flex wp-container-core-columns-is-layout-9d6595d7 wp-block-columns-is-layout-flex\">\n<div class=\"wp-block-column is-layout-flow wp-block-column-is-layout-flow\">\n<p class=\"titulo calibril azul has-normal-font-size\"><strong>Consultor\u00edas en educaci\u00f3n<\/strong><\/p>\n\n\n\n<p class=\"has-normal-font-size\">An\u00e1lisis de dificultades en la gesti\u00f3n, necesidades de formaci\u00f3n, planificaci\u00f3n de procesos de mejora adaptados a cada organizaci\u00f3n y al contexto educativo, creaci\u00f3n de materiales educativos, implementaci\u00f3n y seguimiento, resoluci\u00f3n de problemas en contextos educativos.<\/p>\n<\/div>\n\n\n\n<div class=\"wp-block-column is-layout-flow wp-block-column-is-layout-flow\">\n<figure class=\"wp-block-image size-large is-style-rounded-shadow-down-right-ligth-cide\"><img loading=\"lazy\" decoding=\"async\" width=\"1024\" height=\"683\" src=\"https:\/\/cide.edu.uy\/cide\/wp-content\/uploads\/2021\/06\/consultoria-1024x683.jpg\" alt=\"\" class=\"wp-image-176\" srcset=\"https:\/\/cide.edu.uy\/cide\/wp-content\/uploads\/2021\/06\/consultoria-1024x683.jpg 1024w, https:\/\/cide.edu.uy\/cide\/wp-content\/uploads\/2021\/06\/consultoria-300x200.jpg 300w, https:\/\/cide.edu.uy\/cide\/wp-content\/uploads\/2021\/06\/consultoria-768x512.jpg 768w, https:\/\/cide.edu.uy\/cide\/wp-content\/uploads\/2021\/06\/consultoria-1536x1025.jpg 1536w, https:\/\/cide.edu.uy\/cide\/wp-content\/uploads\/2021\/06\/consultoria-2048x1366.jpg 2048w\" sizes=\"auto, (max-width: 1024px) 100vw, 1024px\" \/><\/figure>\n<\/div>\n<\/div>\n\n\n\n<div class=\"wp-block-columns is-layout-flex wp-container-core-columns-is-layout-9d6595d7 wp-block-columns-is-layout-flex\">\n<div class=\"wp-block-column is-layout-flow wp-block-column-is-layout-flow\" style=\"flex-basis:33.33%\">\n<figure class=\"wp-block-image size-large is-style-rounded-shadow-down-right-ligth-cide\"><img loading=\"lazy\" decoding=\"async\" width=\"1024\" height=\"639\" src=\"https:\/\/cide.edu.uy\/cide\/wp-content\/uploads\/2021\/06\/gestion-de-la-calidad-1024x639.jpg\" alt=\"\" class=\"wp-image-178\" srcset=\"https:\/\/cide.edu.uy\/cide\/wp-content\/uploads\/2021\/06\/gestion-de-la-calidad-1024x639.jpg 1024w, https:\/\/cide.edu.uy\/cide\/wp-content\/uploads\/2021\/06\/gestion-de-la-calidad-300x187.jpg 300w, https:\/\/cide.edu.uy\/cide\/wp-content\/uploads\/2021\/06\/gestion-de-la-calidad-768x479.jpg 768w, https:\/\/cide.edu.uy\/cide\/wp-content\/uploads\/2021\/06\/gestion-de-la-calidad-1536x958.jpg 1536w, https:\/\/cide.edu.uy\/cide\/wp-content\/uploads\/2021\/06\/gestion-de-la-calidad-2048x1277.jpg 2048w\" sizes=\"auto, (max-width: 1024px) 100vw, 1024px\" \/><\/figure>\n<\/div>\n\n\n\n<div class=\"wp-block-column is-layout-flow wp-block-column-is-layout-flow\" style=\"flex-basis:66.66%\">\n<p class=\"titulo calibril azul has-normal-font-size\"><strong>Gesti\u00f3n de la calidad en instituciones educativas<\/strong><\/p>\n\n\n\n<p class=\"has-normal-font-size\">Gesti\u00f3n de los procesos en organizaciones educativas seg\u00fan normas UNIT.<\/p>\n<\/div>\n<\/div>\n","protected":false},"excerpt":{"rendered":"<p>Investigaci\u00f3n Desarrollo de proyectos de investigaci\u00f3n en did\u00e1cticas espec\u00edficas y en estudios interdisciplinares, grupos de investigaci\u00f3n, semillero de ideas, orientaci\u00f3n en la elaboraci\u00f3n de proyectos y seguimiento. Desarrollo profesional Formaci\u00f3n permanente en did\u00e1cticas espec\u00edficas y enfoques interdisciplinares. Asesoramiento educativo Asesoramiento a instituciones educativas en gesti\u00f3n, enfoques de la ense\u00f1anza, ense\u00f1anza basada en proyectos, dificultades de aprendizaje, evaluaci\u00f3n y mejora de los procesos educativos, inclusi\u00f3n de tecnolog\u00edas digitales, evaluaci\u00f3n docente. Consultor\u00edas en educaci\u00f3n An\u00e1lisis de dificultades en la gesti\u00f3n, necesidades de formaci\u00f3n, planificaci\u00f3n de procesos de mejora adaptados a cada organizaci\u00f3n y al contexto educativo, creaci\u00f3n de materiales educativos, implementaci\u00f3n y seguimiento, resoluci\u00f3n de problemas en contextos educativos. Gesti\u00f3n de la calidad en instituciones educativas Gesti\u00f3n de los procesos en organizaciones educativas seg\u00fan normas UNIT.<\/p>\n","protected":false},"author":1,"featured_media":13,"parent":0,"menu_order":0,"comment_status":"closed","ping_status":"closed","template":"","meta":{"footnotes":""},"class_list":["post-190","page","type-page","status-publish","has-post-thumbnail"],"_links":{"self":[{"href":"https:\/\/cide.edu.uy\/cide\/index.php?rest_route=\/wp\/v2\/pages\/190","targetHints":{"allow":["GET"]}}],"collection":[{"href":"https:\/\/cide.edu.uy\/cide\/index.php?rest_route=\/wp\/v2\/pages"}],"about":[{"href":"https:\/\/cide.edu.uy\/cide\/index.php?rest_route=\/wp\/v2\/types\/page"}],"author":[{"embeddable":true,"href":"https:\/\/cide.edu.uy\/cide\/index.php?rest_route=\/wp\/v2\/users\/1"}],"replies":[{"embeddable":true,"href":"https:\/\/cide.edu.uy\/cide\/index.php?rest_route=%2Fwp%2Fv2%2Fcomments&post=190"}],"version-history":[{"count":8,"href":"https:\/\/cide.edu.uy\/cide\/index.php?rest_route=\/wp\/v2\/pages\/190\/revisions"}],"predecessor-version":[{"id":353,"href":"https:\/\/cide.edu.uy\/cide\/index.php?rest_route=\/wp\/v2\/pages\/190\/revisions\/353"}],"wp:featuredmedia":[{"embeddable":true,"href":"https:\/\/cide.edu.uy\/cide\/index.php?rest_route=\/wp\/v2\/media\/13"}],"wp:attachment":[{"href":"https:\/\/cide.edu.uy\/cide\/index.php?rest_route=%2Fwp%2Fv2%2Fmedia&parent=190"}],"curies":[{"name":"wp","href":"https:\/\/api.w.org\/{rel}","templated":true}]}}