{"id":195,"date":"2021-06-29T00:59:33","date_gmt":"2021-06-29T03:59:33","guid":{"rendered":"http:\/\/cide.edu.uy\/cide\/?page_id=195"},"modified":"2021-07-01T21:07:46","modified_gmt":"2021-07-02T00:07:46","slug":"quienes-somos","status":"publish","type":"page","link":"https:\/\/cide.edu.uy\/cide\/?page_id=195","title":{"rendered":"\u00bfQui\u00e9nes somos?"},"content":{"rendered":"\n<h1 class=\"wp-block-heading\">Equipo de direcci\u00f3n<\/h1>\n\n\n\n<div style=\"height:100px\" aria-hidden=\"true\" class=\"wp-block-spacer\"><\/div>\n\n\n\n<div class=\"wp-block-columns is-layout-flex wp-container-core-columns-is-layout-9d6595d7 wp-block-columns-is-layout-flex\">\n<div class=\"wp-block-column is-layout-flow wp-block-column-is-layout-flow\">\n<div class=\"wp-block-columns are-vertically-aligned-top is-layout-flex wp-container-core-columns-is-layout-9d6595d7 wp-block-columns-is-layout-flex\">\n<div class=\"wp-block-column is-vertically-aligned-top is-layout-flow wp-block-column-is-layout-flow\">\n<div class=\"wp-block-image is-style-rounded-shadow-down-right-ligth-cide\"><figure class=\"alignleft size-large is-resized\"><img loading=\"lazy\" decoding=\"async\" src=\"https:\/\/cide.edu.uy\/cide\/wp-content\/uploads\/2021\/06\/Foto-Cristina.jpg\" alt=\"\" class=\"wp-image-196\" width=\"189\" height=\"253\" srcset=\"https:\/\/cide.edu.uy\/cide\/wp-content\/uploads\/2021\/06\/Foto-Cristina.jpg 757w, https:\/\/cide.edu.uy\/cide\/wp-content\/uploads\/2021\/06\/Foto-Cristina-225x300.jpg 225w\" sizes=\"auto, (max-width: 189px) 100vw, 189px\" \/><\/figure><\/div>\n\n\n\n<p><strong>Cristina Ochoviet<\/strong>. Doctora en Matem\u00e1tica Educativa (CICATA-IPN, M\u00e9xico). Mag\u00edster en Ciencias en Matem\u00e1tica Educativa (CICATA-IPN, M\u00e9xico).&nbsp; M\u00e1ster en Promoci\u00f3n de la lectura y literatura infantil (Universidad de Castilla-La Mancha, Espa\u00f1a). Licenciada en Educaci\u00f3n (UNQ, Argentina). Profesora de Matem\u00e1tica (IPA, Uruguay). Especializaci\u00f3n en Lectura, Escritura y Educaci\u00f3n (FLACSO, Argentina). Diploma en Constructivismo y Educaci\u00f3n (FLACSO, Argentina). Se ha desempe\u00f1ado como docente de Matem\u00e1tica en ense\u00f1anza media, como profesora de Did\u00e1ctica de la Matem\u00e1tica (IPA, Uruguay) y como investigadora (IPES, Uruguay). Pertenece al Sistema Nacional de Investigadores de Uruguay (Nivel I).<\/p>\n<\/div>\n<\/div>\n<\/div>\n<\/div>\n\n\n\n<div class=\"wp-block-columns is-layout-flex wp-container-core-columns-is-layout-9d6595d7 wp-block-columns-is-layout-flex\">\n<div class=\"wp-block-column is-layout-flow wp-block-column-is-layout-flow\">\n<div class=\"wp-block-image is-style-rounded-shadow-down-right-ligth-cide\"><figure class=\"alignleft size-large is-resized\"><img loading=\"lazy\" decoding=\"async\" src=\"https:\/\/cide.edu.uy\/cide\/wp-content\/uploads\/2021\/07\/Foto-Vero-cide-2.jpeg\" alt=\"\" class=\"wp-image-332\" width=\"192\" height=\"256\" srcset=\"https:\/\/cide.edu.uy\/cide\/wp-content\/uploads\/2021\/07\/Foto-Vero-cide-2.jpeg 768w, https:\/\/cide.edu.uy\/cide\/wp-content\/uploads\/2021\/07\/Foto-Vero-cide-2-225x300.jpeg 225w\" sizes=\"auto, (max-width: 192px) 100vw, 192px\" \/><\/figure><\/div>\n\n\n\n<p><strong>Ver\u00f3nica Molfino<\/strong>. Doctora en Matem\u00e1tica Educativa (CICATA-IPN, M\u00e9xico). Mag\u00edster en Ciencias en Matem\u00e1tica Educativa (CICATA-IPN, M\u00e9xico).&nbsp; Profesora de Matem\u00e1tica (IPA, Uruguay). Profesora efectiva de las secciones Geometr\u00eda y An\u00e1lisis de la formaci\u00f3n de profesorado, CFE. Se ha desempe\u00f1ado como docente de Matem\u00e1tica en ense\u00f1anza media y en formaci\u00f3n de profesores (IPA y profesorado Semipresencial), como profesora de Did\u00e1ctica de la Matem\u00e1tica (IPA, Uruguay) y como investigadora (IPES, Uruguay). Pertenece al Sistema Nacional de Investigadores de Uruguay (Nivel I).<\/p>\n<\/div>\n<\/div>\n","protected":false},"excerpt":{"rendered":"<p>Equipo de direcci\u00f3n Cristina Ochoviet. Doctora en Matem\u00e1tica Educativa (CICATA-IPN, M\u00e9xico). Mag\u00edster en Ciencias en Matem\u00e1tica Educativa (CICATA-IPN, M\u00e9xico).&nbsp; M\u00e1ster en Promoci\u00f3n de la lectura y literatura infantil (Universidad de Castilla-La Mancha, Espa\u00f1a). Licenciada en Educaci\u00f3n (UNQ, Argentina). Profesora de Matem\u00e1tica (IPA, Uruguay). Especializaci\u00f3n en Lectura, Escritura y Educaci\u00f3n (FLACSO, Argentina). Diploma en Constructivismo y Educaci\u00f3n (FLACSO, Argentina). Se ha desempe\u00f1ado como docente de Matem\u00e1tica en ense\u00f1anza media, como profesora de Did\u00e1ctica de la Matem\u00e1tica (IPA, Uruguay) y como investigadora (IPES, Uruguay). Pertenece al Sistema Nacional de Investigadores de Uruguay (Nivel I). Ver\u00f3nica Molfino. Doctora en Matem\u00e1tica Educativa (CICATA-IPN, M\u00e9xico). Mag\u00edster en Ciencias en Matem\u00e1tica Educativa (CICATA-IPN, M\u00e9xico).&nbsp; Profesora de Matem\u00e1tica (IPA, Uruguay). Profesora efectiva de las secciones Geometr\u00eda y An\u00e1lisis de la formaci\u00f3n de profesorado, CFE. Se ha desempe\u00f1ado como docente de Matem\u00e1tica en ense\u00f1anza media y en formaci\u00f3n de profesores (IPA y profesorado Semipresencial), como profesora de Did\u00e1ctica&hellip;<\/p>\n<p> <a class=\"more-link\" href=\"https:\/\/cide.edu.uy\/cide\/?page_id=195\">Read more<\/a><\/p>\n","protected":false},"author":1,"featured_media":13,"parent":0,"menu_order":0,"comment_status":"closed","ping_status":"closed","template":"","meta":{"footnotes":""},"class_list":["post-195","page","type-page","status-publish","has-post-thumbnail"],"_links":{"self":[{"href":"https:\/\/cide.edu.uy\/cide\/index.php?rest_route=\/wp\/v2\/pages\/195","targetHints":{"allow":["GET"]}}],"collection":[{"href":"https:\/\/cide.edu.uy\/cide\/index.php?rest_route=\/wp\/v2\/pages"}],"about":[{"href":"https:\/\/cide.edu.uy\/cide\/index.php?rest_route=\/wp\/v2\/types\/page"}],"author":[{"embeddable":true,"href":"https:\/\/cide.edu.uy\/cide\/index.php?rest_route=\/wp\/v2\/users\/1"}],"replies":[{"embeddable":true,"href":"https:\/\/cide.edu.uy\/cide\/index.php?rest_route=%2Fwp%2Fv2%2Fcomments&post=195"}],"version-history":[{"count":14,"href":"https:\/\/cide.edu.uy\/cide\/index.php?rest_route=\/wp\/v2\/pages\/195\/revisions"}],"predecessor-version":[{"id":354,"href":"https:\/\/cide.edu.uy\/cide\/index.php?rest_route=\/wp\/v2\/pages\/195\/revisions\/354"}],"wp:featuredmedia":[{"embeddable":true,"href":"https:\/\/cide.edu.uy\/cide\/index.php?rest_route=\/wp\/v2\/media\/13"}],"wp:attachment":[{"href":"https:\/\/cide.edu.uy\/cide\/index.php?rest_route=%2Fwp%2Fv2%2Fmedia&parent=195"}],"curies":[{"name":"wp","href":"https:\/\/api.w.org\/{rel}","templated":true}]}}