{"id":41,"date":"2021-06-24T00:39:27","date_gmt":"2021-06-24T00:39:27","guid":{"rendered":"http:\/\/cide.edu.uy\/cide\/?page_id=41"},"modified":"2021-07-01T20:20:46","modified_gmt":"2021-07-01T23:20:46","slug":"proyectos","status":"publish","type":"page","link":"https:\/\/cide.edu.uy\/cide\/?page_id=41","title":{"rendered":"Proyectos"},"content":{"rendered":"\n<table class=\"proyectos-table-item\" style=\"width: 100%;\">\n<tbody>\n<tr>\n<td style=\"width: 100%;\">Dise\u00f1o de situaciones de aprendizaje para el Proyecto L\u00edderes de Fortalecimiento Matem\u00e1tico. <br \/>En el marco del programa Trayecto Matem\u00e1tica del Programa Gen-T\u00e9cnico, M\u00e9xico. <br \/>Situaciones dise\u00f1adas: \u201cFiguras semejantes\u201d (Nivel 9) y \u201cTri\u00e1ngulos\u201d (Nivel 7).<\/td>\n<\/tr>\n<\/tbody>\n<\/table>\n\n\n\n<table class=\"proyectos-table-item\" style=\"width: 100%;\">\n<tbody>\n<tr>\n<td>Responsables de m\u00f3dulos de capacitaci\u00f3n en el Proyecto L\u00edderes de Fortalecimiento Matem\u00e1tico. <br \/>En el marco del programa Trayecto Matem\u00e1tica del Programa Gen-T\u00e9cnico, M\u00e9xico. <br \/>M\u00f3dulo de capacitaci\u00f3n: \u201cFiguras semejantes\u201d (Nivel 9)<\/td>\n<\/tr>\n<\/tbody>\n<\/table>\n\n\n\n<table class=\"proyectos-table-item\" style=\"width: 100%;\">\n<tbody>\n<tr>\n<td>Responsables cient\u00edficas del equipo de investigaci\u00f3n Identidad y conocimiento del profesor (CFE)<\/td>\n<\/tr>\n<\/tbody>\n<\/table>\n\n\n","protected":false},"excerpt":{"rendered":"<p>Dise\u00f1o de situaciones de aprendizaje para el Proyecto L\u00edderes de Fortalecimiento Matem\u00e1tico. En el marco del programa Trayecto Matem\u00e1tica del Programa Gen-T\u00e9cnico, M\u00e9xico. Situaciones dise\u00f1adas: \u201cFiguras semejantes\u201d (Nivel 9) y \u201cTri\u00e1ngulos\u201d (Nivel 7). Responsables de m\u00f3dulos de capacitaci\u00f3n en el Proyecto L\u00edderes de Fortalecimiento Matem\u00e1tico. En el marco del programa Trayecto Matem\u00e1tica del Programa Gen-T\u00e9cnico, M\u00e9xico. M\u00f3dulo de capacitaci\u00f3n: \u201cFiguras semejantes\u201d (Nivel 9) Responsables cient\u00edficas del equipo de investigaci\u00f3n Identidad y conocimiento del profesor (CFE)<\/p>\n","protected":false},"author":1,"featured_media":13,"parent":0,"menu_order":0,"comment_status":"closed","ping_status":"closed","template":"","meta":{"footnotes":""},"class_list":["post-41","page","type-page","status-publish","has-post-thumbnail"],"_links":{"self":[{"href":"https:\/\/cide.edu.uy\/cide\/index.php?rest_route=\/wp\/v2\/pages\/41","targetHints":{"allow":["GET"]}}],"collection":[{"href":"https:\/\/cide.edu.uy\/cide\/index.php?rest_route=\/wp\/v2\/pages"}],"about":[{"href":"https:\/\/cide.edu.uy\/cide\/index.php?rest_route=\/wp\/v2\/types\/page"}],"author":[{"embeddable":true,"href":"https:\/\/cide.edu.uy\/cide\/index.php?rest_route=\/wp\/v2\/users\/1"}],"replies":[{"embeddable":true,"href":"https:\/\/cide.edu.uy\/cide\/index.php?rest_route=%2Fwp%2Fv2%2Fcomments&post=41"}],"version-history":[{"count":4,"href":"https:\/\/cide.edu.uy\/cide\/index.php?rest_route=\/wp\/v2\/pages\/41\/revisions"}],"predecessor-version":[{"id":323,"href":"https:\/\/cide.edu.uy\/cide\/index.php?rest_route=\/wp\/v2\/pages\/41\/revisions\/323"}],"wp:featuredmedia":[{"embeddable":true,"href":"https:\/\/cide.edu.uy\/cide\/index.php?rest_route=\/wp\/v2\/media\/13"}],"wp:attachment":[{"href":"https:\/\/cide.edu.uy\/cide\/index.php?rest_route=%2Fwp%2Fv2%2Fmedia&parent=41"}],"curies":[{"name":"wp","href":"https:\/\/api.w.org\/{rel}","templated":true}]}}